{"id":1406,"date":"2021-09-06T17:22:07","date_gmt":"2021-09-06T20:22:07","guid":{"rendered":"https:\/\/cgilardi-cba.infd.edu.ar\/sitio\/?page_id=1406"},"modified":"2021-09-07T21:05:34","modified_gmt":"2021-09-08T00:05:34","slug":"ensamble-de-guitarra","status":"publish","type":"page","link":"https:\/\/cgilardi-cba.infd.edu.ar\/sitio\/ensamble-de-guitarra\/","title":{"rendered":"Ensamble de Guitarra"},"content":{"rendered":"\n<p><\/p>\n\n\n\n<p>Desde sus inicios en el Conservatorio Superior de M\u00fasica \u201cGilardo Gilardi\u201d se desarrollaron actividades grupales con formaciones de diferentes instrumentos y desde el a\u00f1o 1996 junto a las profesoras Cecilia Marronckle e Isabel Guarino se conformaron peque\u00f1as agrupaciones de guitarras con ni\u00f1os como experiencia superadora de la c\u00e1tedra de guitarra con presentaciones en diferentes Instituciones educativas de la ciudad.<\/p>\n\n\n\n<p>El aprendizaje musical se aborda en las clases que cada ni\u00f1o comparte con su profesor de guitarra, luego se realizan ensayos parciales en peque\u00f1os grupos y finalmente mostramos los resultados en una presentaci\u00f3n como la de este momento.<\/p>\n\n\n\n<p>La edad aproximada de sus integrantes es de 8 a 11 a\u00f1os, y cada uno de ellos ha realizado un recorrido musical particular ya que podemos encontrar ni\u00f1os que desde este a\u00f1o se incorporaron al estudio de la guitarra y otros que ya recorrieron un camino mayor.<\/p>\n\n\n\n<p>Grupos de guitarristas de diferentes edades se reun\u00edan con frecuencia para abordar peque\u00f1os repertorios, cada a\u00f1o sent\u00edamos el deseo de conformar una agrupaci\u00f3n de guitarras de Nivel Inicial<\/p>\n\n\n\n<p>Desde el a\u00f1o pasado, los ni\u00f1os m\u00fasicos guitarristas, tienen su propia agrupaci\u00f3n en nuestro Conservatorio y la pueden disfrutar hoy<\/p>\n","protected":false},"excerpt":{"rendered":"<p>Desde sus inicios en el Conservatorio Superior de M\u00fasica \u201cGilardo Gilardi\u201d se desarrollaron actividades grupales con formaciones de diferentes instrumentos y desde el a\u00f1o 1996 junto a las profesoras Cecilia Marronckle e Isabel Guarino se conformaron peque\u00f1as agrupaciones de guitarras con ni\u00f1os como experiencia superadora de la c\u00e1tedra de guitarra con presentaciones en diferentes Instituciones &#8230; <a title=\"Ensamble de Guitarra\" class=\"read-more\" href=\"https:\/\/cgilardi-cba.infd.edu.ar\/sitio\/ensamble-de-guitarra\/\" aria-label=\"More on Ensamble de Guitarra\">[+]<\/a><\/p>\n","protected":false},"author":99,"featured_media":0,"parent":0,"menu_order":0,"comment_status":"closed","ping_status":"closed","template":"","meta":[],"acf":[],"_links":{"self":[{"href":"https:\/\/cgilardi-cba.infd.edu.ar\/sitio\/wp-json\/wp\/v2\/pages\/1406"}],"collection":[{"href":"https:\/\/cgilardi-cba.infd.edu.ar\/sitio\/wp-json\/wp\/v2\/pages"}],"about":[{"href":"https:\/\/cgilardi-cba.infd.edu.ar\/sitio\/wp-json\/wp\/v2\/types\/page"}],"author":[{"embeddable":true,"href":"https:\/\/cgilardi-cba.infd.edu.ar\/sitio\/wp-json\/wp\/v2\/users\/99"}],"replies":[{"embeddable":true,"href":"https:\/\/cgilardi-cba.infd.edu.ar\/sitio\/wp-json\/wp\/v2\/comments?post=1406"}],"version-history":[{"count":2,"href":"https:\/\/cgilardi-cba.infd.edu.ar\/sitio\/wp-json\/wp\/v2\/pages\/1406\/revisions"}],"predecessor-version":[{"id":1507,"href":"https:\/\/cgilardi-cba.infd.edu.ar\/sitio\/wp-json\/wp\/v2\/pages\/1406\/revisions\/1507"}],"wp:attachment":[{"href":"https:\/\/cgilardi-cba.infd.edu.ar\/sitio\/wp-json\/wp\/v2\/media?parent=1406"}],"curies":[{"name":"wp","href":"https:\/\/api.w.org\/{rel}","templated":true}]}}