{"id":1409,"date":"2021-09-06T17:22:43","date_gmt":"2021-09-06T20:22:43","guid":{"rendered":"https:\/\/cgilardi-cba.infd.edu.ar\/sitio\/?page_id=1409"},"modified":"2021-09-07T21:37:36","modified_gmt":"2021-09-08T00:37:36","slug":"ninos","status":"publish","type":"page","link":"https:\/\/cgilardi-cba.infd.edu.ar\/sitio\/ninos\/","title":{"rendered":"Ensamble Nivel Inicial"},"content":{"rendered":"\n<p class=\"has-text-align-center\"><strong><u>Ensamble de Guitarras (Nivel Inicial)<\/u><\/strong><\/p>\n\n\n\n<p class=\"has-text-align-center\"><img decoding=\"async\" loading=\"lazy\" width=\"2560\" height=\"1920\" class=\"wp-image-1513\" style=\"width: 300px;\" src=\"https:\/\/cgilardi-cba.infd.edu.ar\/sitio\/wp-content\/uploads\/2021\/09\/20210513_150943-scaled.jpg\" alt=\"\" srcset=\"https:\/\/cgilardi-cba.infd.edu.ar\/sitio\/wp-content\/uploads\/2021\/09\/20210513_150943-scaled.jpg 2560w, https:\/\/cgilardi-cba.infd.edu.ar\/sitio\/wp-content\/uploads\/2021\/09\/20210513_150943-1000x750.jpg 1000w, https:\/\/cgilardi-cba.infd.edu.ar\/sitio\/wp-content\/uploads\/2021\/09\/20210513_150943-1900x1425.jpg 1900w, https:\/\/cgilardi-cba.infd.edu.ar\/sitio\/wp-content\/uploads\/2021\/09\/20210513_150943-768x576.jpg 768w, https:\/\/cgilardi-cba.infd.edu.ar\/sitio\/wp-content\/uploads\/2021\/09\/20210513_150943-1536x1152.jpg 1536w, https:\/\/cgilardi-cba.infd.edu.ar\/sitio\/wp-content\/uploads\/2021\/09\/20210513_150943-2048x1536.jpg 2048w\" sizes=\"(max-width: 2560px) 100vw, 2560px\" \/><\/p>\n\n\n\n<p>Desde sus inicios en el Conservatorio Superior de M\u00fasica \u201cGilardo Gilardi\u201d se desarrollaron actividades grupales con formaciones de diferentes instrumentos y desde el a\u00f1o 1996 junto a las profesoras Cecilia Marronckle e Isabel Guarino se conformaron peque\u00f1as agrupaciones de guitarras con ni\u00f1os como experiencia superadora de la c\u00e1tedra de guitarra con presentaciones en diferentes Instituciones educativas de la ciudad.<\/p>\n\n\n\n<p>El aprendizaje musical se aborda en las clases que cada ni\u00f1o comparte con su profesor de guitarra, luego se realizan ensayos parciales en peque\u00f1os grupos y finalmente mostramos los resultados en una presentaci\u00f3n como la de este momento.<\/p>\n\n\n\n<p>La edad aproximada de sus integrantes es de 8 a 11 a\u00f1os, y cada uno de ellos ha realizado un recorrido musical particular ya que podemos encontrar ni\u00f1os que desde este a\u00f1o se incorporaron al estudio de la guitarra y otros que ya recorrieron un camino mayor.<\/p>\n\n\n\n<p>Grupos de guitarristas de diferentes edades se reun\u00edan con frecuencia para abordar peque\u00f1os repertorios, cada a\u00f1o sent\u00edamos el deseo de conformar una agrupaci\u00f3n de guitarras de Nivel Inicial<\/p>\n\n\n\n<p>Desde el a\u00f1o pasado, los ni\u00f1os m\u00fasicos guitarristas, tienen su propia agrupaci\u00f3n en nuestro Conservatorio y la pueden disfrutar hoy<\/p>\n","protected":false},"excerpt":{"rendered":"<p>Ensamble de Guitarras (Nivel Inicial) Desde sus inicios en el Conservatorio Superior de M\u00fasica \u201cGilardo Gilardi\u201d se desarrollaron actividades grupales con formaciones de diferentes instrumentos y desde el a\u00f1o 1996 junto a las profesoras Cecilia Marronckle e Isabel Guarino se conformaron peque\u00f1as agrupaciones de guitarras con ni\u00f1os como experiencia superadora de la c\u00e1tedra de guitarra &#8230; <a title=\"Ensamble Nivel Inicial\" class=\"read-more\" href=\"https:\/\/cgilardi-cba.infd.edu.ar\/sitio\/ninos\/\" aria-label=\"More on Ensamble Nivel Inicial\">[+]<\/a><\/p>\n","protected":false},"author":99,"featured_media":0,"parent":0,"menu_order":0,"comment_status":"closed","ping_status":"closed","template":"","meta":[],"acf":[],"_links":{"self":[{"href":"https:\/\/cgilardi-cba.infd.edu.ar\/sitio\/wp-json\/wp\/v2\/pages\/1409"}],"collection":[{"href":"https:\/\/cgilardi-cba.infd.edu.ar\/sitio\/wp-json\/wp\/v2\/pages"}],"about":[{"href":"https:\/\/cgilardi-cba.infd.edu.ar\/sitio\/wp-json\/wp\/v2\/types\/page"}],"author":[{"embeddable":true,"href":"https:\/\/cgilardi-cba.infd.edu.ar\/sitio\/wp-json\/wp\/v2\/users\/99"}],"replies":[{"embeddable":true,"href":"https:\/\/cgilardi-cba.infd.edu.ar\/sitio\/wp-json\/wp\/v2\/comments?post=1409"}],"version-history":[{"count":2,"href":"https:\/\/cgilardi-cba.infd.edu.ar\/sitio\/wp-json\/wp\/v2\/pages\/1409\/revisions"}],"predecessor-version":[{"id":1519,"href":"https:\/\/cgilardi-cba.infd.edu.ar\/sitio\/wp-json\/wp\/v2\/pages\/1409\/revisions\/1519"}],"wp:attachment":[{"href":"https:\/\/cgilardi-cba.infd.edu.ar\/sitio\/wp-json\/wp\/v2\/media?parent=1409"}],"curies":[{"name":"wp","href":"https:\/\/api.w.org\/{rel}","templated":true}]}}