{"id":1412,"date":"2021-09-06T17:23:29","date_gmt":"2021-09-06T20:23:29","guid":{"rendered":"https:\/\/cgilardi-cba.infd.edu.ar\/sitio\/?page_id=1412"},"modified":"2021-09-07T21:35:11","modified_gmt":"2021-09-08T00:35:11","slug":"adultos","status":"publish","type":"page","link":"https:\/\/cgilardi-cba.infd.edu.ar\/sitio\/adultos\/","title":{"rendered":"Ensamble Mayor"},"content":{"rendered":"\n<p class=\"has-text-align-center\"><strong><u>Ensamble Mayor de Guitarras del Conservatorio<\/u><\/strong><\/p>\n\n\n\n<p class=\"has-text-align-center\"><img decoding=\"async\" loading=\"lazy\" width=\"1152\" height=\"864\" class=\"wp-image-1508\" style=\"width: 300px;\" src=\"https:\/\/cgilardi-cba.infd.edu.ar\/sitio\/wp-content\/uploads\/2021\/09\/12068695_10208218346401471_8599862684354177610_o.jpg\" alt=\"\" srcset=\"https:\/\/cgilardi-cba.infd.edu.ar\/sitio\/wp-content\/uploads\/2021\/09\/12068695_10208218346401471_8599862684354177610_o.jpg 1152w, https:\/\/cgilardi-cba.infd.edu.ar\/sitio\/wp-content\/uploads\/2021\/09\/12068695_10208218346401471_8599862684354177610_o-1000x750.jpg 1000w, https:\/\/cgilardi-cba.infd.edu.ar\/sitio\/wp-content\/uploads\/2021\/09\/12068695_10208218346401471_8599862684354177610_o-768x576.jpg 768w\" sizes=\"(max-width: 1152px) 100vw, 1152px\" \/><\/p>\n\n\n\n<p>Con la necesidad de compartir y difundir el amor por la m\u00fasica desde la guitarra cl\u00e1sica se form\u00f3 este Ensamble de Guitarra, integrado por docentes, y alumnos de todos los niveles<\/p>\n\n\n\n<p>Buscamos desarrollar una sonoridad propia basada en la concepci\u00f3n de orquesta y abordando un repertorio de obras con arreglos para Ensambles y arreglos originales realizados<\/p>\n\n\n\n<p>El Ensamble de guitarras se transform\u00f3 en un espacio pedag\u00f3gico de actividades musicales colectivas con un perfil puramente instrumental, propuestas por el profesor o por los alumnos, que en b\u00fasqueda de un amplio repertorio.<\/p>\n\n\n\n<p>Este espacio de particular aprendizaje colaborativo se constituye como un conjunto de c\u00e1mara que otorga a cada alumno- m\u00fasico la posibilidad de desarrollar sus habilidades de pr\u00e1ctica de conjunto, buscando siempre la m\u00e1xima calidad art\u00edstica.<\/p>\n\n\n\n<p>La propuesta del Ensamble de guitarras del Conservatorio Superior de M\u00fasica \u201cGilardo Gilardi\u201d tiene como destinatarios a los alumnos del Ciclo Art\u00edstico Vocacional, a ex-alumnos y a todo guitarrista que deseen integrarlo.<\/p>\n\n\n\n<p><\/p>\n","protected":false},"excerpt":{"rendered":"<p>Ensamble Mayor de Guitarras del Conservatorio Con la necesidad de compartir y difundir el amor por la m\u00fasica desde la guitarra cl\u00e1sica se form\u00f3 este Ensamble de Guitarra, integrado por docentes, y alumnos de todos los niveles Buscamos desarrollar una sonoridad propia basada en la concepci\u00f3n de orquesta y abordando un repertorio de obras con &#8230; <a title=\"Ensamble Mayor\" class=\"read-more\" href=\"https:\/\/cgilardi-cba.infd.edu.ar\/sitio\/adultos\/\" aria-label=\"More on Ensamble Mayor\">[+]<\/a><\/p>\n","protected":false},"author":99,"featured_media":0,"parent":0,"menu_order":0,"comment_status":"closed","ping_status":"closed","template":"","meta":[],"acf":[],"_links":{"self":[{"href":"https:\/\/cgilardi-cba.infd.edu.ar\/sitio\/wp-json\/wp\/v2\/pages\/1412"}],"collection":[{"href":"https:\/\/cgilardi-cba.infd.edu.ar\/sitio\/wp-json\/wp\/v2\/pages"}],"about":[{"href":"https:\/\/cgilardi-cba.infd.edu.ar\/sitio\/wp-json\/wp\/v2\/types\/page"}],"author":[{"embeddable":true,"href":"https:\/\/cgilardi-cba.infd.edu.ar\/sitio\/wp-json\/wp\/v2\/users\/99"}],"replies":[{"embeddable":true,"href":"https:\/\/cgilardi-cba.infd.edu.ar\/sitio\/wp-json\/wp\/v2\/comments?post=1412"}],"version-history":[{"count":2,"href":"https:\/\/cgilardi-cba.infd.edu.ar\/sitio\/wp-json\/wp\/v2\/pages\/1412\/revisions"}],"predecessor-version":[{"id":1517,"href":"https:\/\/cgilardi-cba.infd.edu.ar\/sitio\/wp-json\/wp\/v2\/pages\/1412\/revisions\/1517"}],"wp:attachment":[{"href":"https:\/\/cgilardi-cba.infd.edu.ar\/sitio\/wp-json\/wp\/v2\/media?parent=1412"}],"curies":[{"name":"wp","href":"https:\/\/api.w.org\/{rel}","templated":true}]}}