{"id":1430,"date":"2021-09-07T09:20:00","date_gmt":"2021-09-07T12:20:00","guid":{"rendered":"https:\/\/cgilardi-cba.infd.edu.ar\/sitio\/?page_id=1430"},"modified":"2021-09-07T17:51:54","modified_gmt":"2021-09-07T20:51:54","slug":"politicas-estudiantiles-cipe","status":"publish","type":"page","link":"https:\/\/cgilardi-cba.infd.edu.ar\/sitio\/politicas-estudiantiles-cipe\/","title":{"rendered":"Pol\u00edticas Estudiantiles CIPE"},"content":{"rendered":"\n<p class=\"has-text-align-center\">   <\/p>\n\n\n\n<figure class=\"wp-block-image size-large\"><img decoding=\"async\" loading=\"lazy\" width=\"158\" height=\"231\" src=\"https:\/\/cgilardi-cba.infd.edu.ar\/sitio\/wp-content\/uploads\/2021\/09\/Sin-titulo.png\" alt=\"\" class=\"wp-image-1482\"\/><\/figure>\n\n\n\n<p>Se apunta a una pol\u00edtica estudiantil que tenga sentido en relaci\u00f3n al mejoramiento acad\u00e9mico, al incremento cultural y a la democratizaci\u00f3n de las concepciones y las pr\u00e1cticas, debe partir del reconocimiento de la situaci\u00f3n social y cultural de las\/los estudiantes capaces de actuar cr\u00edticamente, teni\u00e9ndoles como constructores&nbsp; colectiva y participativamente de una cultura pol\u00edtica democr\u00e1tica dentro del Instituto Superior&nbsp; y&nbsp; en la sociedad donde se inserta.<\/p>\n\n\n\n<p>Desde promover la integraci\u00f3n y la participaci\u00f3n estudiantil, pensar en los j\u00f3venes y adultos que transitan los ISFD &#8211;<em> institutos superiores de formaci\u00f3n docente <\/em>&#8211; en la actualidad implica reconocer algunas problem\u00e1ticas que las\/los atraviesan y analizar ciertas representaciones que habitan en las instituciones formadoras.&nbsp; Las pol\u00edticas estudiantiles reconocen a las\/los estudiantes como sujetos de derecho, y que como tales, poseen tambi\u00e9n obligaciones y responsabilidades que hacen a la construcci\u00f3n de ciudadan\u00eda.<\/p>\n\n\n\n<p>La importancia de proponer algunas l\u00edneas estrat\u00e9gicas tiene por objeto generar acciones capaces de interpelar a las\/los estudiantes como ciudadanos responsables y protagonistas de su comunidad, que los convoque a organizar grupos de trabajo entre pares para imaginar, planificar, implementar y evaluar diversas iniciativas y proyectos.<\/p>\n\n\n\n<p>Las estrategias estudiantiles se orientan a profundizar la formaci\u00f3n en tres l\u00edneas articuladas entre s\u00ed:<\/p>\n\n\n\n<ul><li>la democratizaci\u00f3n y la ciudadan\u00eda responsable<\/li><li>la comprensi\u00f3n sociocultural&nbsp;<\/li><li>el di\u00e1logo con la comunidad<\/li><\/ul>\n\n\n\n<p><strong>&nbsp;&nbsp; A nivel institucional<\/strong>, es necesario conocer y reconocer a la comunidad estudiantil y, a la vez, a la comunidad local de la cual el ISFD es parte, problematizando y modificando marcas de rigidez institucional.<\/p>\n\n\n\n<p>&nbsp; <strong>A nivel estudiantil<\/strong>, es necesario que las\/los estudiantes se apropien de los espacios institucionales, sean part\u00edcipes activos y responsables en el conocimiento, el reconocimiento y el encuentro con la comunidad, comprometi\u00e9ndose con ella desde su pertenencia institucional.<\/p>\n\n\n\n<p><strong>&nbsp; Lo pol\u00edtico<\/strong> tambi\u00e9n supone relaciones de colaboraci\u00f3n entre identidades e intereses diferentes en la b\u00fasqueda del bien com\u00fan y de aprendizaje de la expresi\u00f3n p\u00fablica de distintos modos y grados de disenso, de cuestionamiento o de antagonismo . Las formas de democratizaci\u00f3n institucional son una larga construcci\u00f3n, y a veces pueden ser borradas o desvirtuadas si se entiende la democratizaci\u00f3n como el mero acto de procedimientos.<\/p>\n\n\n\n<p><strong>&nbsp; En definitiva, el Coordinador Institucional de Pol\u00edticas Estudiantiles acompa\u00f1a, gu\u00eda, promueve, genera, comparte en conjunto con las\/los estudiantes organizados un espacio dentro de la instituci\u00f3n para resolver conflictos, inquietudes, problem\u00e1ticas, sugerencias con el fin \u00faltimo de construir una din\u00e1mica arm\u00f3nica dentro de la misma instituci\u00f3n en la que la\/el estudiante ingrese, permanezca y egrese <\/strong>.<\/p>\n\n\n\n<p>CIPE &#8211; Coordinadora Institucional de Pol\u00edticas Estudiantiles.<\/p>\n\n\n\n<p><strong>Prof. Luc\u00eda Ibarra.<\/strong><\/p>\n","protected":false},"excerpt":{"rendered":"<p>Se apunta a una pol\u00edtica estudiantil que tenga sentido en relaci\u00f3n al mejoramiento acad\u00e9mico, al incremento cultural y a la democratizaci\u00f3n de las concepciones y las pr\u00e1cticas, debe partir del reconocimiento de la situaci\u00f3n social y cultural de las\/los estudiantes capaces de actuar cr\u00edticamente, teni\u00e9ndoles como constructores&nbsp; colectiva y participativamente de una cultura pol\u00edtica democr\u00e1tica &#8230; <a title=\"Pol\u00edticas Estudiantiles CIPE\" class=\"read-more\" href=\"https:\/\/cgilardi-cba.infd.edu.ar\/sitio\/politicas-estudiantiles-cipe\/\" aria-label=\"More on Pol\u00edticas Estudiantiles CIPE\">[+]<\/a><\/p>\n","protected":false},"author":99,"featured_media":0,"parent":0,"menu_order":0,"comment_status":"closed","ping_status":"closed","template":"","meta":[],"acf":[],"_links":{"self":[{"href":"https:\/\/cgilardi-cba.infd.edu.ar\/sitio\/wp-json\/wp\/v2\/pages\/1430"}],"collection":[{"href":"https:\/\/cgilardi-cba.infd.edu.ar\/sitio\/wp-json\/wp\/v2\/pages"}],"about":[{"href":"https:\/\/cgilardi-cba.infd.edu.ar\/sitio\/wp-json\/wp\/v2\/types\/page"}],"author":[{"embeddable":true,"href":"https:\/\/cgilardi-cba.infd.edu.ar\/sitio\/wp-json\/wp\/v2\/users\/99"}],"replies":[{"embeddable":true,"href":"https:\/\/cgilardi-cba.infd.edu.ar\/sitio\/wp-json\/wp\/v2\/comments?post=1430"}],"version-history":[{"count":3,"href":"https:\/\/cgilardi-cba.infd.edu.ar\/sitio\/wp-json\/wp\/v2\/pages\/1430\/revisions"}],"predecessor-version":[{"id":1490,"href":"https:\/\/cgilardi-cba.infd.edu.ar\/sitio\/wp-json\/wp\/v2\/pages\/1430\/revisions\/1490"}],"wp:attachment":[{"href":"https:\/\/cgilardi-cba.infd.edu.ar\/sitio\/wp-json\/wp\/v2\/media?parent=1430"}],"curies":[{"name":"wp","href":"https:\/\/api.w.org\/{rel}","templated":true}]}}