{"id":966,"date":"2018-06-28T16:49:11","date_gmt":"2018-06-28T19:49:11","guid":{"rendered":"https:\/\/cgilardi-cba.infd.edu.ar\/sitio\/tecnologia-analogica-y-digital-en-musica\/"},"modified":"2018-06-28T16:49:11","modified_gmt":"2018-06-28T19:49:11","slug":"tecnologia-analogica-y-digital-en-musica","status":"publish","type":"page","link":"https:\/\/cgilardi-cba.infd.edu.ar\/sitio\/tecnologia-analogica-y-digital-en-musica\/","title":{"rendered":"Tecnolog\u00eda Anal\u00f3gica y Digital en M\u00fasica"},"content":{"rendered":"<p class=\"western\" style=\"margin-bottom: 0cm; line-height: 150%;\"><strong>Taller <\/strong><strong>: TECNOLOG&Iacute;A ANAL&Oacute;GICA Y DIGITAL EN M&Uacute;SICA<\/strong><\/p>\n<p class=\"western\" style=\"margin-bottom: 0cm; line-height: 150%;\"><strong>Curso: SEGUNDO A&Ntilde;O (I<\/strong><strong>S<\/strong><strong>FD)<\/strong><\/p>\n<p class=\"western\" style=\"margin-bottom: 0cm; line-height: 150%;\"><strong>A&ntilde;o: 201<\/strong><strong>8<\/strong><\/p>\n<p class=\"western\" style=\"margin-bottom: 0cm; line-height: 150%;\"><strong>Profesor: MARCELINO LUIS MARTINI<\/strong><\/p>\n<p class=\"western\" style=\"margin-bottom: 0cm; line-height: 100%;\">&nbsp;<\/p>\n<p class=\"western\" style=\"margin-bottom: 0cm; line-height: 100%;\">&nbsp;<\/p>\n<p class=\"western\" style=\"margin-bottom: 0cm; line-height: 100%;\"><span style=\"font-family: Arial, serif;\"><strong>Fundamentaci&oacute;n: <\/strong><\/span><\/p>\n<p class=\"western\" style=\"margin-bottom: 0cm; line-height: 100%;\">&nbsp;<\/p>\n<p class=\"western\" style=\"margin-bottom: 0cm; line-height: 100%;\"><span style=\"color: #000000;\"><span style=\"font-family: Arial, serif;\">Los avances tecnol&oacute;gicos de las &uacute;ltimas d&eacute;cadas proporcionan una gran herramienta para el m&uacute;sico, docente o estudiante de m&uacute;sica ya que permiten realizar diversas tareas desde la P.C. a trav&eacute;s del uso de Software. <\/span><\/span><\/p>\n<p class=\"western\" style=\"margin-bottom: 0cm; line-height: 100%;\"><span style=\"color: #000000;\"><span style=\"font-family: Arial, serif;\">Existe una gran cantidad de programas para computadoras que posibilitan el desarrollo de la escritura musical, audioperceptiva, las capacidades interpretativas y\/o creativas, la grabaci&oacute;n y edici&oacute;n de m&uacute;sica y\/o imagen, entre otros. El dominio de esta tecnolog&iacute;a y del material vinculado a la misma es de gran utilidad para el m&uacute;sico, docente y artista, debido al rol que juega esta en la actualidad con sus m&uacute;ltiples usos y posibilidades. <\/span><\/span><\/p>\n<p class=\"western\" style=\"margin-bottom: 0cm; line-height: 100%;\">&nbsp;<\/p>\n<p class=\"western\" style=\"margin-bottom: 0cm; line-height: 100%;\">&nbsp;<\/p>\n<p class=\"western\" style=\"margin-bottom: 0cm; line-height: 100%;\"><span style=\"font-family: Arial, serif;\"><strong>Objetivos:<\/strong><\/span><\/p>\n<p class=\"western\" style=\"margin-left: 0.64cm; margin-bottom: 0cm; line-height: 100%;\">&nbsp;<\/p>\n<p class=\"western\" style=\"margin-bottom: 0cm; line-height: 100%;\"><span style=\"font-family: Arial, serif;\">Explotar al m&aacute;ximo la P.C y sus recursos.<\/span><\/p>\n<p class=\"western\" style=\"margin-bottom: 0cm; line-height: 100%;\"><span style=\"font-family: Arial, serif;\">Solucionar problemas comunes en la PC.<\/span><\/p>\n<p class=\"western\" style=\"margin-bottom: 0cm; line-height: 100%;\"><span style=\"font-family: Arial, serif;\">Dominar programas de Edici&oacute;n de Partituras, Audio y Video.<\/span><\/p>\n<p class=\"western\" style=\"margin-bottom: 0cm; line-height: 100%;\"><span style=\"font-family: Arial, serif;\">Desarrollar la creatividad mediante el uso de la tecnolog&iacute;a.<\/span><\/p>\n<p class=\"western\" style=\"margin-bottom: 0cm; line-height: 100%;\"><span style=\"font-family: Arial, serif;\">Manipular la tecnolog&iacute;a vinculada al uso de la P.C.<\/span><\/p>\n<p class=\"western\" style=\"margin-bottom: 0cm; line-height: 100%;\"><span style=\"font-family: Arial, serif;\">Autoevaluarse mediante el uso de la tecnolog&iacute;a.<\/span><\/p>\n<p class=\"western\" style=\"margin-bottom: 0cm; line-height: 100%;\"><span style=\"font-family: Arial, serif;\">Conocer las posibilidades alternativas del software libre. <\/span><\/p>\n<p class=\"western\" style=\"margin-bottom: 0cm; line-height: 100%;\">&nbsp;<\/p>\n<p class=\"western\" style=\"margin-bottom: 0cm; line-height: 100%;\">&nbsp;<\/p>\n<p class=\"western\" style=\"margin-bottom: 0cm; line-height: 100%;\">&nbsp;<\/p>\n<p class=\"western\" style=\"margin-bottom: 0cm; line-height: 100%;\">&nbsp;<\/p>\n<p class=\"western\" style=\"margin-bottom: 0cm; line-height: 100%;\">&nbsp;<\/p>\n<p class=\"western\" style=\"margin-bottom: 0cm; line-height: 100%;\">&nbsp;<\/p>\n<p class=\"western\" style=\"margin-bottom: 0cm; line-height: 100%;\">&nbsp;<\/p>\n<p class=\"western\" style=\"margin-bottom: 0cm; line-height: 100%;\">&nbsp;<\/p>\n<p class=\"western\" style=\"margin-bottom: 0cm; line-height: 100%;\">&nbsp;<\/p>\n<p class=\"western\" style=\"margin-bottom: 0cm; line-height: 100%;\">&nbsp;<\/p>\n<p class=\"western\" style=\"margin-bottom: 0cm; line-height: 100%;\">&nbsp;<\/p>\n<p class=\"western\" style=\"margin-bottom: 0cm; line-height: 100%;\">&nbsp;<\/p>\n<p class=\"western\" style=\"margin-bottom: 0cm; line-height: 100%;\">&nbsp;<\/p>\n<p class=\"western\" style=\"margin-bottom: 0cm; line-height: 100%;\">&nbsp;<\/p>\n<p class=\"western\" style=\"margin-bottom: 0cm; line-height: 100%;\"><span style=\"font-family: Arial, serif;\"><span style=\"font-size: large;\"><u><strong>Unidad I<\/strong><\/u><\/span><\/span><\/p>\n<p class=\"western\" style=\"margin-bottom: 0cm; line-height: 100%;\">&nbsp;<\/p>\n<p class=\"western\" style=\"margin-bottom: 0cm; line-height: 100%;\"><span style=\"font-family: Arial, serif;\"><u><strong>Editor de partituras<\/strong><\/u><\/span><span style=\"font-family: Arial, serif;\"><strong>: <\/strong><\/span><\/p>\n<p class=\"western\" style=\"margin-bottom: 0cm; line-height: 100%;\">&nbsp;<\/p>\n<p class=\"western\" style=\"margin-bottom: 0cm; line-height: 100%;\"><span style=\"font-family: Arial, serif;\"><span style=\"font-size: small;\">Configuraci&oacute;n de la hoja de trabajo: Instrumentaci&oacute;n, tonalidad, comp&aacute;s, cifra indicadora de comp&aacute;s, otros. Inserci&oacute;n de notas, figuras, acordes. Edici&oacute;n: copiado, selecciones, transporte. T&eacute;cnica: articulaci&oacute;n Pizz; legatto, marcatto, otros. Expresi&oacute;n: Intensidad del sonido ppp, pp, p, mf, f, ff, fff, acentos, reguladores. S&iacute;mbolos utilizados en la escritura de la m&uacute;sica. Cifrados. Diagramas de acordes. Tablaturas. Transposici&oacute;n. Escritura a 2,3 y 4 voces. Escritura de la percusi&oacute;n. Escritura espec&iacute;fica sobre algunos instrumentos: Piano, guitarra, Bajo, Bater&iacute;a. Filtros. Particellas.Escritura para voz solista o coral, inserci&oacute;n de l&iacute;neas de texto. Configuraci&oacute;n de MIDI para grabaci&oacute;n desde teclado. Impresi&oacute;n y exportaci&oacute;n de archivos. Formatos compatibles.<\/span><\/span><\/p>\n<p class=\"western\" style=\"margin-bottom: 0cm; line-height: 100%;\">&nbsp;<\/p>\n<p class=\"western\" style=\"margin-bottom: 0cm; line-height: 100%;\">&nbsp;<\/p>\n<p class=\"western\" style=\"margin-bottom: 0cm; line-height: 100%;\">&nbsp;<\/p>\n<p class=\"western\" style=\"margin-bottom: 0cm; line-height: 100%;\">&nbsp;<\/p>\n<p class=\"western\" style=\"margin-bottom: 0cm; line-height: 100%;\"><span style=\"font-family: Arial, serif;\"><span style=\"font-size: large;\"><u><strong>Unidad II<\/strong><\/u><\/span><\/span><\/p>\n<p class=\"western\" style=\"margin-bottom: 0cm; line-height: 100%;\">&nbsp;<\/p>\n<p class=\"western\" style=\"margin-bottom: 0cm; line-height: 100%;\"><span style=\"font-family: Arial, serif;\"><u><strong>Editores de audio, imagen y samplers virtuales:<\/strong><\/u><\/span><\/p>\n<p class=\"western\" style=\"margin-bottom: 0cm; line-height: 100%;\">&nbsp;<\/p>\n<p class=\"western\" style=\"margin-bottom: 0cm; line-height: 100%;\">&nbsp;<\/p>\n<p class=\"western\" style=\"margin-bottom: 0cm; line-height: 100%;\"><span style=\"font-family: Arial, serif;\"><span style=\"font-size: small;\">Editores de audio virtuales. Grabaci&oacute;n Multipista. Edici&oacute;n: Funciones b&aacute;sicas. Mezcla del audio digital. Master. Producci&oacute;n musical. Utilizaci&oacute;n de programas auxiliares vinculados a la grabaci&oacute;n y edici&oacute;n del audio digital. Samplers virtuales. Plugins.Editores de imagen y video virtuales. Edici&oacute;n de fotograf&iacute;as, audio y video. Textos, fundidos, transiciones, fondos, propiedades de la imagen etc. Presentaci&oacute;n multimedia. Utilizaci&oacute;n de programas auxiliares vinculados a la edici&oacute;n de im&aacute;genes. <\/span><\/span><\/p>\n<p class=\"western\" style=\"margin-bottom: 0cm; line-height: 100%;\">&nbsp;<\/p>\n<p class=\"western\" style=\"margin-bottom: 0cm; line-height: 100%;\">&nbsp;<\/p>\n<p class=\"western\" style=\"margin-bottom: 0cm; line-height: 100%;\"><span style=\"font-family: Arial, serif;\"><span style=\"font-size: large;\"><u><strong>Unidad III<\/strong><\/u><\/span><\/span><\/p>\n<p class=\"western\" style=\"margin-bottom: 0cm; line-height: 100%;\">&nbsp;<\/p>\n<p class=\"western\" style=\"margin-bottom: 0cm; line-height: 100%;\">&nbsp;<\/p>\n<p class=\"western\" style=\"margin-bottom: 0cm; line-height: 100%;\"><span style=\"font-family: Arial, serif;\"><u><strong>Sonido y audio: principios ac&uacute;sticos.<\/strong><\/u><\/span><\/p>\n<p class=\"western\" style=\"margin-bottom: 0cm; line-height: 100%;\"><span style=\"font-family: Arial, serif;\"><u><strong>Equipos y conexiones.<\/strong><\/u><\/span><\/p>\n<p class=\"western\" style=\"margin-bottom: 0cm; line-height: 100%;\">&nbsp;<\/p>\n<p class=\"western\" style=\"margin-bottom: 0cm; line-height: 100%;\">&nbsp;<\/p>\n<p class=\"western\" style=\"margin-bottom: 0cm; line-height: 100%;\"><span style=\"font-family: Arial, serif;\"><span style=\"font-size: small;\">Se&ntilde;al sonora. Micr&oacute;fonos: tipos de micr&oacute;fonos, caracter&iacute;sticas, funcionamiento. <\/span><\/span><\/p>\n<p class=\"western\" style=\"margin-bottom: 0cm; line-height: 100%;\"><a name=\"__DdeLink__205_122775165\"><\/a> <span style=\"font-family: Arial, serif;\"><span style=\"font-size: small;\">Mezcladora: Distintos modelos, conexiones, funcionamiento. Distintos tipos de conectores. Grabadores reproductores, tecnolog&iacute;a anal&oacute;gica y digital. Soportes y formatos. Procesadores: din&aacute;micos, de tiempo y de espectro. Funcionamiento.<\/span><\/span><\/p>\n<p class=\"western\" style=\"margin-bottom: 0cm; line-height: 100%;\"><span style=\"font-family: Arial, serif;\"><span style=\"font-size: small;\">MIDI: instrumentos MIDI: sintetizadores, m&oacute;dulos, teclados controladores, cajas de ritmo, secuenciadores, cajas de muestreo, bater&iacute;as, otros instrumentos. Programas que utilizan el lenguaje MIDI.<\/span><\/span><\/p>\n<p class=\"western\" style=\"margin-bottom: 0cm; line-height: 100%;\">&nbsp;<\/p>\n<p class=\"western\" style=\"margin-bottom: 0cm; line-height: 100%;\">&nbsp;<\/p>\n<p class=\"western\" style=\"margin-bottom: 0cm; line-height: 100%;\">&nbsp;<\/p>\n<p class=\"western\" style=\"margin-bottom: 0cm; line-height: 100%;\">&nbsp;<\/p>\n<p class=\"western\" style=\"margin-bottom: 0cm; line-height: 100%;\">&nbsp;<\/p>\n<p class=\"western\" style=\"margin-bottom: 0cm; line-height: 100%;\">&nbsp;<\/p>\n<p class=\"western\" style=\"margin-bottom: 0cm; line-height: 100%;\">&nbsp;<\/p>\n<p class=\"western\" style=\"margin-bottom: 0cm; line-height: 100%;\">&nbsp;<\/p>\n<p class=\"western\" style=\"margin-bottom: 0cm; line-height: 100%;\">&nbsp;<\/p>\n<p class=\"western\" style=\"margin-bottom: 0cm; line-height: 100%;\"><span style=\"font-family: Arial, serif;\"><span style=\"font-size: large;\"><u><strong>Unidad IV<\/strong><\/u><\/span><\/span><\/p>\n<p class=\"western\" style=\"margin-bottom: 0cm; line-height: 100%;\">&nbsp;<\/p>\n<p class=\"western\" style=\"margin-bottom: 0cm; line-height: 100%;\"><span style=\"font-family: Arial, serif;\"><u><strong>Sistemas operativos alternativos- M&aacute;quinas virtuales<\/strong><\/u><\/span><\/p>\n<p class=\"western\" style=\"margin-bottom: 0cm; line-height: 100%;\">&nbsp;<\/p>\n<p class=\"western\" style=\"margin-bottom: 0cm; line-height: 100%;\"><span style=\"font-family: Arial, serif;\"><span style=\"font-size: small;\">Introducci&oacute;n al software libre y sus posibilidades. Ventajas y desventajas. Distribuciones m&aacute;s usadas. Instalaci&oacute;n y actualizaci&oacute;n.Inicio dual con sistemas operativos diferentes. Posibilidades en la edici&oacute;n de audio y video. <\/span><\/span><\/p>\n<p class=\"western\" style=\"margin-bottom: 0cm; line-height: 100%;\">&nbsp;<\/p>\n<p class=\"western\" style=\"margin-bottom: 0cm; line-height: 100%;\">&nbsp;<\/p>\n<p class=\"western\" style=\"margin-bottom: 0cm; line-height: 100%;\">&nbsp;<\/p>\n<p class=\"western\" style=\"margin-bottom: 0cm; line-height: 100%;\">&nbsp;<\/p>\n<p class=\"western\" style=\"margin-bottom: 0cm; line-height: 100%;\"><span style=\"font-family: Arial, serif;\"><strong>Contenidos Procedimentales:<\/strong><\/span><\/p>\n<p class=\"western\" style=\"margin-bottom: 0cm; line-height: 100%;\">&nbsp;<\/p>\n<p class=\"western\" style=\"margin-bottom: 0cm; line-height: 100%;\"><span style=\"font-family: Arial, serif;\"><span style=\"font-size: small;\">Explicaci&oacute;n oral.<\/span><\/span><\/p>\n<p class=\"western\" style=\"margin-bottom: 0cm; line-height: 100%;\"><span style=\"font-family: Arial, serif;\"><span style=\"font-size: small;\">Copia de partituras.<\/span><\/span><\/p>\n<p class=\"western\" style=\"margin-bottom: 0cm; line-height: 100%;\"><span style=\"font-family: Arial, serif;\"><span style=\"font-size: small;\">Impresi&oacute;n de partituras y particellas.<\/span><\/span><\/p>\n<p class=\"western\" style=\"margin-bottom: 0cm; line-height: 100%;\"><span style=\"font-family: Arial, serif;\"><span style=\"font-size: small;\">Exportaci&oacute;n en formato midi.<\/span><\/span><\/p>\n<p class=\"western\" style=\"margin-bottom: 0cm; line-height: 100%;\"><span style=\"font-family: Arial, serif;\"><span style=\"font-size: small;\">Edici&oacute;n MIDI.<\/span><\/span><\/p>\n<p class=\"western\" style=\"margin-bottom: 0cm; line-height: 100%;\"><span style=\"font-family: Arial, serif;\"><span style=\"font-size: small;\">Grabaci&oacute;n de audio.<\/span><\/span><\/p>\n<p class=\"western\" style=\"margin-bottom: 0cm; line-height: 100%;\"><span style=\"font-family: Arial, serif;\"><span style=\"font-size: small;\">Combinaci&oacute;n de grabaciones midi-audio.<\/span><\/span><\/p>\n<p class=\"western\" style=\"margin-bottom: 0cm; line-height: 100%;\"><span style=\"font-family: Arial, serif;\"><span style=\"font-size: small;\">Edici&oacute;n de audio.<\/span><\/span><\/p>\n<p class=\"western\" style=\"margin-bottom: 0cm; line-height: 100%;\"><span style=\"font-family: Arial, serif;\"><span style=\"font-size: small;\">Conversi&oacute;n de formatos.<\/span><\/span><\/p>\n<p class=\"western\" style=\"margin-bottom: 0cm; line-height: 100%;\"><span style=\"font-family: Arial, serif;\"><span style=\"font-size: small;\">Elaboraci&oacute;n final y acabado de proyecto (grabaci&oacute;n en disco e impresi&oacute;n de partituras)<\/span><\/span><\/p>\n<p class=\"western\" style=\"margin-bottom: 0cm; line-height: 100%;\">&nbsp;<\/p>\n<p class=\"western\" style=\"margin-bottom: 0cm; line-height: 100%;\">&nbsp;<\/p>\n<p class=\"western\" style=\"margin-bottom: 0cm; line-height: 100%;\">&nbsp;<\/p>\n<p class=\"western\" style=\"margin-bottom: 0cm; line-height: 100%;\">&nbsp;<\/p>\n<p class=\"western\" style=\"margin-bottom: 0cm; line-height: 100%;\"><span style=\"font-family: Arial, serif;\"><strong>Contenidos Actitudinales:<\/strong><\/span><\/p>\n<p class=\"western\" style=\"margin-bottom: 0cm; line-height: 100%;\">&nbsp;<\/p>\n<p class=\"western\" style=\"margin-bottom: 0cm; line-height: 100%;\">&nbsp;<\/p>\n<p class=\"western\" style=\"margin-bottom: 0cm; line-height: 100%;\"><span style=\"font-family: Arial, serif;\"><span style=\"font-size: small;\">Fomentar un buen clima de trabajo y respeto en la relaci&oacute;n docente &ndash; alumno.<\/span><\/span><\/p>\n<p class=\"western\" style=\"margin-bottom: 0cm; line-height: 100%;\"><span style=\"font-family: Arial, serif;\"><span style=\"font-size: small;\">Promover h&aacute;bitos de estudio.<\/span><\/span><\/p>\n<p class=\"western\" style=\"margin-bottom: 0cm; line-height: 100%;\"><span style=\"font-family: Arial, serif;\"><span style=\"font-size: small;\">Desarrollar la capacidad cr&iacute;tica reflexiva y el sentido com&uacute;n de los alumnos.<\/span><\/span><\/p>\n<p class=\"western\" style=\"margin-bottom: 0cm; line-height: 100%;\"><span style=\"font-family: Arial, serif;\"><span style=\"font-size: small;\">Valorar el trabajo en clase.<\/span><\/span><\/p>\n<p class=\"western\" style=\"margin-bottom: 0cm; line-height: 100%;\"><span style=\"font-family: Arial, serif;\"><span style=\"font-size: small;\">Desarrollar la capacidad creativa y la improvisaci&oacute;n.<\/span><\/span><\/p>\n<p class=\"western\" style=\"margin-left: 0.64cm; margin-bottom: 0cm; line-height: 100%;\">&nbsp;<\/p>\n<p class=\"western\" style=\"margin-left: 0.64cm; margin-bottom: 0cm; line-height: 100%;\">&nbsp;<\/p>\n<p class=\"western\" style=\"margin-left: 1.27cm; margin-bottom: 0cm; line-height: 100%;\">&nbsp;<\/p>\n<p class=\"western\" style=\"margin-left: 0.64cm; margin-bottom: 0cm; line-height: 100%;\">&nbsp;<\/p>\n<p class=\"western\" style=\"margin-left: 0.64cm; margin-bottom: 0cm; line-height: 100%;\">&nbsp;<\/p>\n<p class=\"western\" style=\"margin-left: 0.64cm; margin-bottom: 0cm; line-height: 100%;\">&nbsp;<\/p>\n<p class=\"western\" style=\"margin-bottom: 0cm; line-height: 100%;\"><span style=\"font-family: Arial, serif;\"><strong>Metodolog&iacute;a:<\/strong><\/span><\/p>\n<p class=\"western\" style=\"margin-bottom: 0cm; line-height: 100%;\">&nbsp;<\/p>\n<p class=\"western\" style=\"margin-bottom: 0cm; line-height: 100%;\"><span style=\"color: #000000;\"><span style=\"font-family: Arial, serif;\">El trabajo estar&aacute; dado fundamentalmente por la exposici&oacute;n oral de los contenidos a cargo del docente y la explicaci&oacute;n a cerca del funcionamiento de cada uno de los programas para computadora utilizados y de la tecnolog&iacute;a vinculada.<\/span><\/span><\/p>\n<p class=\"western\" style=\"margin-bottom: 0cm; line-height: 100%;\"><span style=\"color: #000000;\"><span style=\"font-family: Arial, serif;\">El aporte del alumno consistir&aacute; en la realizaci&oacute;n de trabajos pr&aacute;cticos individuales y grupales con dicha tecnolog&iacute;a donde ser&aacute; evaluada la manipulaci&oacute;n y el dominio de la misma.<\/span><\/span><\/p>\n<p class=\"western\" style=\"margin-bottom: 0cm; line-height: 100%;\"><span style=\"color: #000000;\"><span style=\"font-family: Arial, serif;\">La evaluaci&oacute;n se llevar&aacute; a cabo mediante dos instancias evaluativas para la primera etapa, dos para la segunda y un trabajo integrador final.<\/span><\/span><\/p>\n<p class=\"western\" style=\"margin-bottom: 0cm; line-height: 100%;\">&nbsp;<\/p>\n<p class=\"western\" style=\"margin-bottom: 0cm; line-height: 100%;\">&nbsp;<\/p>\n<p class=\"western\" style=\"margin-bottom: 0cm; line-height: 100%;\">&nbsp;<\/p>\n<p class=\"western\" style=\"margin-bottom: 0cm; line-height: 100%;\"><span style=\"color: #000000;\"><span style=\"font-family: Arial, serif;\"><strong>Bibliograf&iacute;a:<\/strong><\/span><\/span><\/p>\n<p class=\"western\" style=\"margin-bottom: 0cm; line-height: 100%;\">&nbsp;<\/p>\n<p class=\"western\" style=\"margin-bottom: 0cm; line-height: 100%;\"><span style=\"color: #000000;\"><span style=\"font-family: Arial, serif;\"><em>Bowen, Jeff. &ldquo;C&oacute;mo convertirse en un M&uacute;sico inform&aacute;tico&rdquo;.Editorial Anaya Multimedia, S.A. Madrid. 1995<\/em><\/span><\/span><\/p>\n<p class=\"western\" style=\"margin-bottom: 0cm; line-height: 100%;\"><span style=\"color: #000000;\"><span style=\"font-family: Arial, serif;\">Conen, Hern&aacute;n &ldquo;MIDI&rdquo;. Apunte de inform&aacute;tica y electr&oacute;nica musical U.N.V.M. 2004. <\/span><\/span><\/p>\n<p class=\"western\" style=\"margin-bottom: 0cm; line-height: 100%;\"><span style=\"color: #000000;\"><span style=\"font-family: Arial, serif;\"><em>Recuero L&oacute;pez, Manuel. &ldquo;T&eacute;cnicas de Grabaci&oacute;n sonora&rdquo;. Capitulo 7. El registro magn&eacute;tico. Apunte de Inform&aacute;tica Musical. U.N.V.M.<\/em><\/span><\/span> <span style=\"color: #000000;\"><span style=\"font-family: Arial, serif;\"><em>2000.<\/em><\/span><\/span><\/p>\n<p class=\"western\" style=\"margin-bottom: 0cm; line-height: 100%;\"><span style=\"color: #000000;\"><span style=\"font-family: Arial, serif;\"><em>Valenzuela, Jos&eacute;. &ldquo;Audio digital&rdquo;. Capitulo 14. Diversos tipos de conectores. Apunte de Inform&aacute;tica Musical. U.N.V.M. 2003.<\/em><\/span><\/span><\/p>\n<p class=\"western\" style=\"margin-bottom: 0cm; line-height: 100%;\"><span style=\"color: #000000;\"><span style=\"font-family: Arial, serif;\"><em>Ediciones Eni, M&uacute;sica digital, Cree sus primeras composiciones. Barcelona 2004<\/em><\/span><\/span><\/p>\n<p class=\"western\" style=\"margin-bottom: 0cm; line-height: 100%;\">&nbsp;<\/p>\n<p class=\"western\" style=\"margin-left: 0.64cm; margin-bottom: 0cm; line-height: 100%;\"><span style=\"font-family: Arial, serif;\">Otras fuentes:<\/span><\/p>\n<p class=\"western\" style=\"margin-bottom: 0cm; line-height: 100%;\">&nbsp;<\/p>\n<p class=\"western\" style=\"margin-bottom: 0cm; line-height: 100%;\"><span style=\"font-family: Arial, serif;\">Apunte de la C&aacute;tedra.<\/span><\/p>\n<p class=\"western\" style=\"margin-bottom: 0cm; line-height: 100%;\"><span style=\"color: #000000;\"><span style=\"font-family: Arial, serif;\"><em>Manuales disponibles de los distintos software utilizados.<\/em><\/span><\/span><\/p>\n<p class=\"western\" style=\"margin-left: 1.27cm; margin-bottom: 0cm; line-height: 100%;\">&nbsp;<\/p>\n<p class=\"western\" style=\"margin-bottom: 0cm; line-height: 100%;\">&nbsp;<\/p><\/p>\n","protected":false},"excerpt":{"rendered":"<p>Taller : TECNOLOG&Iacute;A ANAL&Oacute;GICA Y DIGITAL EN M&Uacute;SICA Curso: SEGUNDO A&Ntilde;O (ISFD) A&ntilde;o: 2018 Profesor: MARCELINO LUIS MARTINI &nbsp; &nbsp; Fundamentaci&oacute;n: &nbsp; Los avances tecnol&oacute;gicos de las &uacute;ltimas d&eacute;cadas proporcionan una gran herramienta para el m&uacute;sico, docente o estudiante de m&uacute;sica ya que permiten realizar diversas tareas desde la P.C. a trav&eacute;s del uso de &#8230; <a title=\"Tecnolog\u00eda Anal\u00f3gica y Digital en M\u00fasica\" class=\"read-more\" href=\"https:\/\/cgilardi-cba.infd.edu.ar\/sitio\/tecnologia-analogica-y-digital-en-musica\/\" aria-label=\"More on Tecnolog\u00eda Anal\u00f3gica y Digital en M\u00fasica\">[+]<\/a><\/p>\n","protected":false},"author":83,"featured_media":0,"parent":0,"menu_order":0,"comment_status":"closed","ping_status":"closed","template":"","meta":[],"acf":[],"_links":{"self":[{"href":"https:\/\/cgilardi-cba.infd.edu.ar\/sitio\/wp-json\/wp\/v2\/pages\/966"}],"collection":[{"href":"https:\/\/cgilardi-cba.infd.edu.ar\/sitio\/wp-json\/wp\/v2\/pages"}],"about":[{"href":"https:\/\/cgilardi-cba.infd.edu.ar\/sitio\/wp-json\/wp\/v2\/types\/page"}],"author":[{"embeddable":true,"href":"https:\/\/cgilardi-cba.infd.edu.ar\/sitio\/wp-json\/wp\/v2\/users\/83"}],"replies":[{"embeddable":true,"href":"https:\/\/cgilardi-cba.infd.edu.ar\/sitio\/wp-json\/wp\/v2\/comments?post=966"}],"version-history":[{"count":0,"href":"https:\/\/cgilardi-cba.infd.edu.ar\/sitio\/wp-json\/wp\/v2\/pages\/966\/revisions"}],"wp:attachment":[{"href":"https:\/\/cgilardi-cba.infd.edu.ar\/sitio\/wp-json\/wp\/v2\/media?parent=966"}],"curies":[{"name":"wp","href":"https:\/\/api.w.org\/{rel}","templated":true}]}}